{"id":160,"date":"2018-11-02T10:41:38","date_gmt":"2018-11-02T10:41:38","guid":{"rendered":"http:\/\/listeo.wpengine.com\/?page_id=44"},"modified":"2018-11-02T10:41:38","modified_gmt":"2018-11-02T10:41:38","slug":"anadir-listado","status":"publish","type":"page","link":"https:\/\/bestofdominicana.com\/es\/add-listing\/","title":{"rendered":"Agregar anuncio"},"content":{"rendered":"<!-- <div class=\"notification notice large margin-bottom-55\">\r\n\t<h4>\u00bfNo tienes una cuenta?<\/h4>\r\n\t<p>Si no tienes una cuenta, por favor reg\u00edstrate usando el formulario a continuaci\u00f3n. Una contrase\u00f1a ser\u00e1 enviada autom\u00e1ticamente a tu correo.<\/p>\r\n<\/div> --><ul class=\"tabs-nav\">\n\t<li id=\"listeo-logintab-btn\" class=\"\"><a href=\"#tab1\">Iniciar sesi\u00f3n<\/a><\/li>\n\t<li id=\"listeo-registration-btn\"><a href=\"#tab2\">Registrar<\/a><\/li>\n<\/ul>\n\n<div class=\"tabs-container alt\">\n\n\t<!-- Login -->\n\t<div class=\"tab-content\" id=\"tab1\" style=\"display: none;\">\n\t\t\t\t\t\t<form method=\"post\" id=\"login\" class=\"login\" action=\"https:\/\/bestofdominicana.com\/wp-login.php\">\n\t\t\t\t\n\t\t\t\t\t\t\t\t<p class=\"form-row form-row-wide\">\n\t\t\t\t\t<label for=\"user_login\">\n\t\t\t\t\t\t<i class=\"sl sl-icon-user\"><\/i>\n\t\t\t\t\t\t<input placeholder=\"Nombre de usuario\/Email\" type=\"text\" class=\"input-text\" name=\"log\" id=\"user_login\" value=\"\" \/>\n\t\t\t\t\t<\/label>\n\t\t\t\t<\/p>\n\n\n\t\t\t\t<p class=\"form-row form-row-wide\">\n\t\t\t\t\t<label for=\"user_pass\">\n\t\t\t\t\t\t<i class=\"sl sl-icon-lock\"><\/i>\n\t\t\t\t\t\t<input placeholder=\"Contrase\u00f1a\" class=\"input-text\" type=\"password\" name=\"pwd\" id=\"user_pass\" \/>\n\n\t\t\t\t\t<\/label>\n\t\t\t\t\t<span class=\"lost_password\">\n\t\t\t\t\t\t<a href=\"https:\/\/bestofdominicana.com\/wp-login.php?action=lostpassword\">\u00bfPerdiste tu contrase\u00f1a?<\/a>\n\t\t\t\t\t<\/span>\n\t\t\t\t<\/p>\n\n\t\t\t\t<div class=\"form-row\">\n\t\t\t\t\t<input type=\"hidden\" id=\"login_security\" name=\"login_security\" value=\"1123a63130\" \/><input type=\"hidden\" name=\"_wp_http_referer\" value=\"\/es\/wp-json\/wp\/v2\/pages\/160\" \/>\t\t\t\t\t<input type=\"submit\" class=\"button border margin-top-5\" name=\"login\" value=\"Iniciar sesi\u00f3n\" \/>\n\t\t\t\t\t<div class=\"checkboxes margin-top-10\">\n\t\t\t\t\t\t<input name=\"rememberme\" type=\"checkbox\" id=\"remember-me\" value=\"forever\" \/>\n\t\t\t\t\t\t<label for=\"remember-me\">Recu\u00e9rdame<\/label>\n\n\t\t\t\t\t<\/div>\n\t\t\t\t<\/div>\n\t\t\t\t<div class=\"notification error closeable\" style=\"display: none; margin-top: 20px; margin-bottom: 0px;\">\n\t\t\t\t\t<p><\/p>\n\t\t\t\t<\/div>\n\t\t\t\t<\/form>\n\t<\/div>\n\n\t<!-- Register -->\n\t<div class=\"tab-content\" id=\"tab2\" style=\"display: none;\">\n\t\t\t\t\t\t\t<form enctype=\"multipart\/form-data\" class=\"register listeo-registration-form\" id=\"register\" action=\"https:\/\/bestofdominicana.com\/wp-login.php?action=register\" method=\"post\">\n\t\t\t\t\t\t\t\t\t\t<div class=\"listeo-register-form-fields-container\" data-otp-type=\"email\">\n\t\t\t\t\t\t\t\t\t\t\t\t\t<div class=\"account-type\">\n\t\t\t\t\t\t\t\t<div>\n\t\t\t\t\t\t\t\t\t<input type=\"radio\" name=\"user_role\" id=\"freelancer-radio\" value=\"guest\" class=\"account-type-radio\"  \/>\n\t\t\t\t\t\t\t\t\t<label for=\"freelancer-radio\"><i class=\"sl sl-icon-user\"><\/i> Invitado<\/label>\n\t\t\t\t\t\t\t\t<\/div>\n\t\t\t\t\t\t\t\t\t\t\t\t\t\t\t\t\t<div>\n\t\t\t\t\t\t\t\t\t\t<input type=\"radio\" name=\"user_role\" id=\"employer-radio\" value=\"seller\" class=\"account-type-radio\"  checked  \/>\n\t\t\t\t\t\t\t\t\t\t<label for=\"employer-radio\"><i class=\"sl sl-icon-briefcase\"><\/i> Propietario<\/label>\n\t\t\t\t\t\t\t\t\t<\/div>\n\t\t\t\t\t\t\t\t\t\t\t\t\t\t\t<\/div>\n\t\t\t\t\t\t\t<div class=\"clearfix\"><\/div>\n\t\t\t\t\t\t\t\t\t\t\t\t\t\t\t\t\t\t\t<p class=\"form-row form-row-wide\">\n\t\t\t\t\t\t\t\t<label for=\"username2\">\n\t\t\t\t\t\t\t\t\t<i class=\"sl sl-icon-user\"><\/i>\n\t\t\t\t\t\t\t\t\t<input required placeholder=\"Nombre de usuario\" type=\"text\" class=\"input-text\" name=\"username\" id=\"username2\" value=\"\" \/>\n\t\t\t\t\t\t\t\t<\/label>\n\t\t\t\t\t\t\t<\/p>\n\t\t\t\t\t\t\n\t\t\t\t\t\t<p class=\"form-row form-row-wide\">\n\t\t\t\t\t\t\t<label for=\"email\">\n\t\t\t\t\t\t\t\t<i class=\"sl sl-icon-envelope-open\"><\/i>\n\t\t\t\t\t\t\t\t<input required type=\"email\" placeholder=\"Direcci\u00f3n de correo electr\u00f3nico\" class=\"input-text\" name=\"email\" id=\"email\" value=\"\" \/>\n\t\t\t\t\t\t\t<\/label>\n\t\t\t\t\t\t<\/p>\n\n\t\t\t\t\t\t\t\t\t\t\t\t\t<div class=\"password-field-wrapper\">\n\t\t\t\t\t\t\t\t<p class=\"form-row form-row-wide\" id=\"password-row\">\n\t\t\t\t\t\t\t\t\t<label for=\"password1\">\n\t\t\t\t\t\t\t\t\t\t<i class=\"sl sl-icon-lock\"><\/i>\n\t\t\t\t\t\t\t\t\t\t<input required placeholder=\"Contrase\u00f1a\" class=\"input-text\" type=\"password\" name=\"password\" id=\"password1\" \/>\n\t\t\t\t\t\t\t\t\t\t<span class=\"pwstrength_viewport_progress\"><\/span>\n\t\t\t\t\t\t\t\t\t<\/label>\n\t\t\t\t\t\t\t\t<\/p>\n\t\t\t\t\t\t\t\t\t\t\t\t\t\t\t<\/div>\n\t\t\t\t\t\t\n\t\t\t\t\t\t\t\t\t\t\t\t\t<p class=\"form-row form-row-wide\">\n\t\t\t\t\t\t\t\t<label for=\"first-name\">\n\t\t\t\t\t\t\t\t\t<i class=\"sl sl-icon-pencil\"><\/i>\n\t\t\t\t\t\t\t\t\t<input required  placeholder=\"Nombre\" type=\"text\" name=\"first_name\" id=\"first-name\"><\/label>\n\t\t\t\t\t\t\t<\/p>\n\n\t\t\t\t\t\t\t<p class=\"form-row form-row-wide\">\n\t\t\t\t\t\t\t\t<label for=\"last-name\">\n\t\t\t\t\t\t\t\t\t<i class=\"sl sl-icon-pencil\"><\/i>\n\t\t\t\t\t\t\t\t\t<input required  placeholder=\"Apellido\" type=\"text\" name=\"last_name\" id=\"last-name\">\n\t\t\t\t\t\t\t\t<\/label>\n\t\t\t\t\t\t\t<\/p>\n\t\t\t\t\t\t\n\t\t\t\t\t\t\n\n\t\t\t\t\t\t<!-- \/\/extra fields -->\n\t\t\t\t\t\t<div id=\"listeo-core-registration-fields\">\n\t\t\t\t\t\t\t\t\t\t<div id=\"listeo-core-registration-owner-fields\">\r\n\t\t\t\t\t\t\t\t\t<label class=\" listeo-registration-custom-text\" id=\"listeo-registration-custom-_rnc___vat_number\" for=\"_rnc___vat_number\">\r\n\r\n\t\t\t\t\t\t\r\n\t\t\t\t\t\t\t<i class=\"\"><\/i>\r\n\r\n<input type=\"text\" \r\n\tclass=\"input-text _rnc___vat_number\" \r\n\r\n\tname=\"_rnc___vat_number\"\r\n\t \r\n\tid=\"_rnc___vat_number\" \r\n\tplaceholder=\"RNC \/ VAT Number\" \r\n\tvalue=\"\" \r\n\t\r\n\t\tmaxlength=\"\" \r\n\t \r\n\t \r\n\r\n\t\/>\r\n\r\n\r\n\t\t\t\t\t<\/label>\r\n\t\t\t\t\t\t\t<\/div>\r\n\t\t\t\t\t\t\t\t<\/div>\n\n\n\t\t\t\t\t\t<!-- eof custom fields -->\n\n\t\t\t\t\t\t\n\t\t\t\t\t\t\n\t\t\t\t\t\t\t\t\t\t\t\t\t<div class=\"h-captcha\" data-sitekey=\"606ea096-242c-4408-a65e-9096f60621be\"><\/div>\n\t\t\t\t\t\t\t\t\t\t\t\t\n\t\t\t\t\t\t\t\t\t\t\t\t\t<p class=\"form-row margin-top-10 checkboxes margin-bottom-10\">\n\t\t\t\t\t\t\t\t<input type=\"checkbox\" id=\"privacy_policy\" name=\"privacy_policy\">\n\t\t\t\t\t\t\t\t<label for=\"privacy_policy\">Acepto la <a target=\"_blank\" href=\"https:\/\/bestofdominicana.com\/es\/privacy-policy\/\">Pol\u00edtica de privacidad<\/a> <\/label>\n\n\t\t\t\t\t\t\t<\/p>\n\n\t\t\t\t\t\t\n\t\t\t\t\t\t\t\t\t\t\t<\/div>\n\t\t\t\t\t\t\t\t\t\t\t<div class=\"otp_registration-wrapper\" style=\"display: none\">\n\t\t\t\t\t\t\t\t\t\t\t\t\t\t<div class=\"otp_registration\">\n\t\t\t\t\t\t\t\t<h4>C\u00f3digo de verificaci\u00f3n<\/h4>\n\n\t\t\t\t\t\t\t\t<p class=\"form-row margin-top-10 otp_code margin-bottom-10\">\n\n\t\t\t\t\t\t\t\t\tPor favor, ingresa el c\u00f3digo de 4 d\u00edgitos enviado a tu correo electr\u00f3nico.\t\t\t\t\t\t\t\t\t\t\t\t\t\t\t\t\t\t<span class=\"otp-countdown-valid-text\">El c\u00f3digo es v\u00e1lido por <\/span> <span class=\"otp-countdown\"><\/span>\n\t\t\t\t\t\t\t\t\t<a id=\"resend_otp\" class=\"hidden\" href=\" #\">Ha pasado el tiempo, haz clic aqu\u00ed para reenviar el c\u00f3digo<\/a>\n\t\t\t\t\t\t\t\t<\/p>\n\n\n\n\t\t\t\t\t\t\t\t<div id=\"listeo_otp-inputs\">\n\t\t\t\t\t\t\t\t\t<input type=\" tel\" name=\"listeo_otp[token][code_1]\" required=\"required\" class=\"field__token\" autocomplete=\"off\" data-error=\"error_second_step_authentication_token\" data-input-type=\"user\">\n\t\t\t\t\t\t\t\t\t<input type=\"tel\" name=\"listeo_otp[token][code_2]\" required=\"required\" class=\"field__token\" autocomplete=\"off\" data-error=\"error_second_step_authentication_token\" data-input-type=\"user\">\n\t\t\t\t\t\t\t\t\t<input type=\"tel\" name=\"listeo_otp[token][code_3]\" required=\"required\" class=\"field__token\" autocomplete=\"off\" data-error=\"error_second_step_authentication_token\" data-input-type=\"user\">\n\t\t\t\t\t\t\t\t\t<input type=\"tel\" name=\"listeo_otp[token][code_4]\" required=\"required\" class=\"field__token\" autocomplete=\"off\" data-error=\"error_second_step_authentication_token\" data-input-type=\"user\">\n\n\t\t\t\t\t\t\t\t<\/div>\n\n\t\t\t\t\t\t\t\t<span id=\"error_listeo_otp\" class=\"hidden\">C\u00f3digo de autorizaci\u00f3n incorrecto. Intenta de nuevo m\u00e1s tarde.<\/span>\n\t\t\t\t\t\t\t\t<span id=\"error_listeo_otp_time\" class=\"hidden\">El c\u00f3digo ha expirado. Intenta de nuevo m\u00e1s tarde.<\/span>\n\t\t\t\t\t\t\t\t<span id=\"error_listeo_otp_general\" class=\"hidden\">Algo sali\u00f3 mal. Intenta de nuevo m\u00e1s tarde.<\/span>\n\n\n\t\t\t\t\t\t\t<\/div>\n\t\t\t\t\t\t\t<input type=\"submit\" class=\"button border fw margin-top-10\" name=\"register\" value=\"Registrar\" \/>\n\t\t\t\t\t\t\t\t\t\t\t\t\t<\/div>\n\t\t\t\t\t\n\t\t\t\t\t<input type=\"hidden\" id=\"register_security\" name=\"register_security\" value=\"1123a63130\" \/><input type=\"hidden\" name=\"_wp_http_referer\" value=\"\/es\/wp-json\/wp\/v2\/pages\/160\" \/>\n\t\t\t\t\t\t\t\t\t\t\t<a class=\"button fw margin-top-10\" id=\"otp_submit\" name=\"otp\">Registrar<\/a>\n\t\t\t\t\t\t\t\t\t\t<div class=\"notification error closeable\" style=\"display: none;margin-top: 20px; margin-bottom: 0px;\">\n\t\t\t\t\t\t<p><\/p>\n\t\t\t\t\t<\/div>\n\n\t\t\t\t\t<\/form>\n\n\t\t\t\t\t<div class=\"listeo-custom-fields-wrapper\">\n\t\t\t\t\t\t\t\t\t<div id=\"listeo-core-registration-owner-fields\">\r\n\t\t\t\t\t\t\t\t\t<label class=\" listeo-registration-custom-text\" id=\"listeo-registration-custom-_rnc___vat_number\" for=\"_rnc___vat_number\">\r\n\r\n\t\t\t\t\t\t\r\n\t\t\t\t\t\t\t<i class=\"\"><\/i>\r\n\r\n<input type=\"text\" \r\n\tclass=\"input-text _rnc___vat_number\" \r\n\r\n\tname=\"_rnc___vat_number\"\r\n\t \r\n\tid=\"_rnc___vat_number\" \r\n\tplaceholder=\"RNC \/ VAT Number\" \r\n\tvalue=\"\" \r\n\t\r\n\t\tmaxlength=\"\" \r\n\t \r\n\t \r\n\r\n\t\/>\r\n\r\n\r\n\t\t\t\t\t<\/label>\r\n\t\t\t\t\t\t\t<\/div>\r\n\t\t\t\t\t\t\t\t\t\t\t\t\t<\/div>\n\t\t\t\t\t<\/div>\n\n<\/div>\n\n\n<div class=\"nsl-container nsl-container-block\" data-align=\"left\"><div class=\"nsl-container-buttons\"><a href=\"https:\/\/bestofdominicana.com\/es\/social-login-page-2\/?loginSocial=google&#038;redirect=https%3A%2F%2Fbestofdominicana.com%2Fes%2Fwp-json%2Fwp%2Fv2%2Fpages%2F160\" rel=\"nofollow\" aria-label=\"Continua con &lt;b&gt;Google&lt;\/b&gt;\" data-plugin=\"nsl\" data-action=\"connect\" data-provider=\"google\" data-popupwidth=\"600\" data-popupheight=\"600\" data-e-disable-page-transition=\"1\"><div class=\"nsl-button nsl-button-default nsl-button-google\" data-skin=\"light\" style=\"background-color:#fff;\"><div class=\"nsl-button-svg-container\"><svg xmlns=\"http:\/\/www.w3.org\/2000\/svg\" width=\"24\" height=\"24\" viewBox=\"0 0 24 24\"><path fill=\"#4285F4\" d=\"M20.64 12.2045c0-.6381-.0573-1.2518-.1636-1.8409H12v3.4814h4.8436c-.2086 1.125-.8427 2.0782-1.7959 2.7164v2.2581h2.9087c1.7018-1.5668 2.6836-3.874 2.6836-6.615z\"><\/path><path fill=\"#34A853\" d=\"M12 21c2.43 0 4.4673-.806 5.9564-2.1805l-2.9087-2.2581c-.8059.54-1.8368.859-3.0477.859-2.344 0-4.3282-1.5831-5.036-3.7104H3.9574v2.3318C5.4382 18.9832 8.4818 21 12 21z\"><\/path><path fill=\"#FBBC05\" d=\"M6.964 13.71c-.18-.54-.2822-1.1168-.2822-1.71s.1023-1.17.2823-1.71V7.9582H3.9573A8.9965 8.9965 0 0 0 3 12c0 1.4523.3477 2.8268.9573 4.0418L6.964 13.71z\"><\/path><path fill=\"#EA4335\" d=\"M12 6.5795c1.3214 0 2.5077.4541 3.4405 1.346l2.5813-2.5814C16.4632 3.8918 14.426 3 12 3 8.4818 3 5.4382 5.0168 3.9573 7.9582L6.964 10.29C7.6718 8.1627 9.6559 6.5795 12 6.5795z\"><\/path><\/svg><\/div><div class=\"nsl-button-label-container\">Continua con <b>Google<\/b><\/div><\/div><\/a><\/div><\/div>\n","protected":false},"excerpt":{"rendered":"","protected":false},"author":1,"featured_media":0,"parent":0,"menu_order":0,"comment_status":"closed","ping_status":"closed","template":"template-dashboard.php","meta":{"footnotes":""},"class_list":["post-160","page","type-page","status-publish","hentry"],"_hostinger_reach_plugin_has_subscription_block":false,"_hostinger_reach_plugin_is_elementor":false,"_links":{"self":[{"href":"https:\/\/bestofdominicana.com\/es\/wp-json\/wp\/v2\/pages\/160","targetHints":{"allow":["GET"]}}],"collection":[{"href":"https:\/\/bestofdominicana.com\/es\/wp-json\/wp\/v2\/pages"}],"about":[{"href":"https:\/\/bestofdominicana.com\/es\/wp-json\/wp\/v2\/types\/page"}],"author":[{"embeddable":true,"href":"https:\/\/bestofdominicana.com\/es\/wp-json\/wp\/v2\/users\/1"}],"replies":[{"embeddable":true,"href":"https:\/\/bestofdominicana.com\/es\/wp-json\/wp\/v2\/comments?post=160"}],"version-history":[{"count":0,"href":"https:\/\/bestofdominicana.com\/es\/wp-json\/wp\/v2\/pages\/160\/revisions"}],"wp:attachment":[{"href":"https:\/\/bestofdominicana.com\/es\/wp-json\/wp\/v2\/media?parent=160"}],"curies":[{"name":"wp","href":"https:\/\/api.w.org\/{rel}","templated":true}]}}