{"id":131,"date":"2021-09-17T10:40:30","date_gmt":"2021-09-17T10:40:30","guid":{"rendered":"https:\/\/wordpress-722045-2402992.cloudwaysapps.com\/?page_id=317"},"modified":"2021-09-17T10:40:30","modified_gmt":"2021-09-17T10:40:30","slug":"typography","status":"publish","type":"page","link":"https:\/\/bestofdominicana.com\/fr\/typography\/","title":{"rendered":"Typographie"},"content":{"rendered":"<div data-elementor-type=\"wp-page\" data-elementor-id=\"131\" class=\"elementor elementor-131\" data-elementor-post-type=\"page\">\n\t\t\t\t\t\t<section class=\"elementor-section elementor-top-section elementor-element elementor-element-72ed0509 elementor-section-boxed elementor-section-height-default elementor-section-height-default\" data-id=\"72ed0509\" data-element_type=\"section\" data-e-type=\"section\">\n\t\t\t\t\t\t<div class=\"elementor-container elementor-column-gap-default\">\n\t\t\t\t\t<div class=\"elementor-column elementor-col-100 elementor-top-column elementor-element elementor-element-5ae31cef\" data-id=\"5ae31cef\" data-element_type=\"column\" data-e-type=\"column\">\n\t\t\t<div class=\"elementor-widget-wrap elementor-element-populated\">\n\t\t\t\t\t\t<div class=\"elementor-element elementor-element-31afc31b elementor-widget elementor-widget-listeo-headline\" data-id=\"31afc31b\" data-element_type=\"widget\" data-e-type=\"widget\" data-widget_type=\"listeo-headline.default\">\n\t\t\t\t<div class=\"elementor-widget-container\">\n\t\t\t\t\t\t\t<h3 \n\t\tstyle=\"text-align:left;\" class=\"headline  headline-aligned-to-left  headline-box\"> Citation en bloc <\/h3>\n\t\t\t\t\t\t<\/div>\n\t\t\t\t<\/div>\n\t\t\t\t<div class=\"elementor-element elementor-element-2d4174f6 elementor-widget elementor-widget-text-editor\" data-id=\"2d4174f6\" data-element_type=\"widget\" data-e-type=\"widget\" data-widget_type=\"text-editor.default\">\n\t\t\t\t<div class=\"elementor-widget-container\">\n\t\t\t\t\t\t\t\t\t<blockquote>Mauris aliquet ultricies ante, non faucibus ante gravida sed. Sed ultrices pellentesque purus, vulputate volutpat ipsum hendrerit sed neque sed sapien rutrum laoreet justo ultrices. In pellentesque lorem condimentum dui morbi pulvinar dui non quam pretium ut lacinia tortor.<\/blockquote>\t\t\t\t\t\t\t\t<\/div>\n\t\t\t\t<\/div>\n\t\t\t\t<div class=\"elementor-element elementor-element-4783ba5b elementor-widget elementor-widget-listeo-headline\" data-id=\"4783ba5b\" data-element_type=\"widget\" data-e-type=\"widget\" data-widget_type=\"listeo-headline.default\">\n\t\t\t\t<div class=\"elementor-widget-container\">\n\t\t\t\t\t\t\t<h3 \n\t\tstyle=\"text-align:left;\" class=\"headline  headline-aligned-to-left  headline-box\"> \u00c9l\u00e9ments en ligne <\/h3>\n\t\t\t\t\t\t<\/div>\n\t\t\t\t<\/div>\n\t\t\t\t<div class=\"elementor-element elementor-element-323415e0 elementor-widget elementor-widget-text-editor\" data-id=\"323415e0\" data-element_type=\"widget\" data-e-type=\"widget\" data-widget_type=\"text-editor.default\">\n\t\t\t\t<div class=\"elementor-widget-container\">\n\t\t\t\t\t\t\t\t\tEtiam elit est, tincidunt non tincidunt <sup>C'est l'\u00e9l\u00e9ment sup<\/sup>\u00a0elit, sed do. Mauris aliquet ultricies\u00a0<sub>Il s'agit d'un sous-\u00e9l\u00e9ment<\/sub>\u00a0volutpat ipsum hendrerit laoreet justo ut labolore magna aliqua.\u00a0<del>Il s'agit d'un \u00e9l\u00e9ment supprim\u00e9<\/del>\u00a0enim ad minim veniam. Lorem ipsum dosectetur. Adipisicing elit sed do\u00a0<mark class=\"color\">marque l'\u00e9l\u00e9ment avec la classe \u201ccolor\u201d.<\/mark>, consectetur adipisicing. Lorem\u00a0<dfn>\u00e9l\u00e9ment dfn ici<\/dfn>\u00a0ipsum dosectetur tincidunt sit amet,\u00a0<strong>texte fort<\/strong>. Aliquam eu id lectus. Vestibulum ante ipsum primis luctus et ultrices posuere cubilia. Lorem ipsum dosectetur\u00a0<code>Texte du code<\/code>\u00a0velit sagittis,\u00a0<abbr title=\"La balise abbr\">abr\u00e9viation<\/abbr>\u00a0elit est\u00a0<mark>texte surlign\u00e9 en utilisant la balise \u201cmark<\/mark>.\t\t\t\t\t\t\t\t<\/div>\n\t\t\t\t<\/div>\n\t\t\t\t<div class=\"elementor-element elementor-element-4664d461 elementor-widget elementor-widget-listeo-headline\" data-id=\"4664d461\" data-element_type=\"widget\" data-e-type=\"widget\" data-widget_type=\"listeo-headline.default\">\n\t\t\t\t<div class=\"elementor-widget-container\">\n\t\t\t\t\t\t\t<h3 \n\t\tstyle=\"text-align:left;\" class=\"headline  headline-aligned-to-left  headline-box\"> Listes d'ic\u00f4nes <\/h3>\n\t\t\t\t\t\t<\/div>\n\t\t\t\t<\/div>\n\t\t\t\t<section class=\"elementor-section elementor-inner-section elementor-element elementor-element-5734db4 elementor-section-boxed elementor-section-height-default elementor-section-height-default\" data-id=\"5734db4\" data-element_type=\"section\" data-e-type=\"section\">\n\t\t\t\t\t\t<div class=\"elementor-container elementor-column-gap-no\">\n\t\t\t\t\t<div class=\"elementor-column elementor-col-25 elementor-inner-column elementor-element elementor-element-19e90623\" data-id=\"19e90623\" data-element_type=\"column\" data-e-type=\"column\">\n\t\t\t<div class=\"elementor-widget-wrap elementor-element-populated\">\n\t\t\t\t\t\t<div class=\"elementor-element elementor-element-1122c487 elementor-widget elementor-widget-text-editor\" data-id=\"1122c487\" data-element_type=\"widget\" data-e-type=\"widget\" data-widget_type=\"text-editor.default\">\n\t\t\t\t<div class=\"elementor-widget-container\">\n\t\t\t\t\t\t\t\t\t<div class=\"list-1\">\n<ul>\n \t<li>Lorem ipsum dolor sit amet<\/li>\n \t<li>Consectetur adipiscing elit<\/li>\n \t<li>Integer molestie lorem at massa<\/li>\n \t<li>Facilisis in pretium nisl aliquet<\/li>\n<\/ul>\n<\/div>\t\t\t\t\t\t\t\t<\/div>\n\t\t\t\t<\/div>\n\t\t\t\t\t<\/div>\n\t\t<\/div>\n\t\t\t\t<div class=\"elementor-column elementor-col-25 elementor-inner-column elementor-element elementor-element-75b4c74b\" data-id=\"75b4c74b\" data-element_type=\"column\" data-e-type=\"column\">\n\t\t\t<div class=\"elementor-widget-wrap elementor-element-populated\">\n\t\t\t\t\t\t<div class=\"elementor-element elementor-element-70ea70c7 elementor-widget elementor-widget-text-editor\" data-id=\"70ea70c7\" data-element_type=\"widget\" data-e-type=\"widget\" data-widget_type=\"text-editor.default\">\n\t\t\t\t<div class=\"elementor-widget-container\">\n\t\t\t\t\t\t\t\t\t<div class=\"list-2\">\n<ul>\n \t<li>Lorem ipsum dolor sit amet<\/li>\n \t<li>Consectetur adipiscing elit<\/li>\n \t<li>Integer molestie lorem at massa<\/li>\n \t<li>Facilisis in pretium nisl aliquet<\/li>\n<\/ul>\n<\/div>\t\t\t\t\t\t\t\t<\/div>\n\t\t\t\t<\/div>\n\t\t\t\t\t<\/div>\n\t\t<\/div>\n\t\t\t\t<div class=\"elementor-column elementor-col-25 elementor-inner-column elementor-element elementor-element-3efaedec\" data-id=\"3efaedec\" data-element_type=\"column\" data-e-type=\"column\">\n\t\t\t<div class=\"elementor-widget-wrap elementor-element-populated\">\n\t\t\t\t\t\t<div class=\"elementor-element elementor-element-1c649a57 elementor-widget elementor-widget-text-editor\" data-id=\"1c649a57\" data-element_type=\"widget\" data-e-type=\"widget\" data-widget_type=\"text-editor.default\">\n\t\t\t\t<div class=\"elementor-widget-container\">\n\t\t\t\t\t\t\t\t\t<div class=\"list-3\">\n<ul>\n \t<li>Lorem ipsum dolor sit amet<\/li>\n \t<li>Consectetur adipiscing elit<\/li>\n \t<li>Integer molestie lorem at massa<\/li>\n \t<li>Facilisis in pretium nisl aliquet<\/li>\n<\/ul>\n<\/div>\t\t\t\t\t\t\t\t<\/div>\n\t\t\t\t<\/div>\n\t\t\t\t\t<\/div>\n\t\t<\/div>\n\t\t\t\t<div class=\"elementor-column elementor-col-25 elementor-inner-column elementor-element elementor-element-3047721d\" data-id=\"3047721d\" data-element_type=\"column\" data-e-type=\"column\">\n\t\t\t<div class=\"elementor-widget-wrap elementor-element-populated\">\n\t\t\t\t\t\t<div class=\"elementor-element elementor-element-2e6c03ce elementor-widget elementor-widget-text-editor\" data-id=\"2e6c03ce\" data-element_type=\"widget\" data-e-type=\"widget\" data-widget_type=\"text-editor.default\">\n\t\t\t\t<div class=\"elementor-widget-container\">\n\t\t\t\t\t\t\t\t\t<div class=\"list-4\">\n<ul>\n \t<li>Lorem ipsum dolor sit amet<\/li>\n \t<li>Consectetur adipiscing elit<\/li>\n \t<li>Integer molestie lorem at massa<\/li>\n \t<li>Facilisis in pretium nisl aliquet<\/li>\n<\/ul>\n<\/div>\t\t\t\t\t\t\t\t<\/div>\n\t\t\t\t<\/div>\n\t\t\t\t\t<\/div>\n\t\t<\/div>\n\t\t\t\t\t<\/div>\n\t\t<\/section>\n\t\t\t\t<div class=\"elementor-element elementor-element-60c597b7 elementor-widget elementor-widget-listeo-headline\" data-id=\"60c597b7\" data-element_type=\"widget\" data-e-type=\"widget\" data-widget_type=\"listeo-headline.default\">\n\t\t\t\t<div class=\"elementor-widget-container\">\n\t\t\t\t\t\t\t<h3 \n\t\tstyle=\"text-align:left;\" class=\"headline  headline-aligned-to-left  headline-box\"> Listes num\u00e9rot\u00e9es <\/h3>\n\t\t\t\t\t\t<\/div>\n\t\t\t\t<\/div>\n\t\t\t\t<section class=\"elementor-section elementor-inner-section elementor-element elementor-element-31319821 elementor-section-boxed elementor-section-height-default elementor-section-height-default\" data-id=\"31319821\" data-element_type=\"section\" data-e-type=\"section\">\n\t\t\t\t\t\t<div class=\"elementor-container elementor-column-gap-default\">\n\t\t\t\t\t<div class=\"elementor-column elementor-col-33 elementor-inner-column elementor-element elementor-element-1693805b\" data-id=\"1693805b\" data-element_type=\"column\" data-e-type=\"column\">\n\t\t\t<div class=\"elementor-widget-wrap elementor-element-populated\">\n\t\t\t\t\t\t<div class=\"elementor-element elementor-element-c14a305 elementor-widget elementor-widget-text-editor\" data-id=\"c14a305\" data-element_type=\"widget\" data-e-type=\"widget\" data-widget_type=\"text-editor.default\">\n\t\t\t\t<div class=\"elementor-widget-container\">\n\t\t\t\t\t\t\t\t\t<div class=\"numbered\">\n<ol>\n \t<li>Praesent in libero vel pellentesque<\/li>\n \t<li>Proin fermentum eratin eget porttitor<\/li>\n \t<li>Les mots sont les mots-cl\u00e9s de l'histoire de l'Europe<\/li>\n \t<li>Nunc orci augue consequat<\/li>\n \t<li>Praesent in libero vel pellentesque<\/li>\n \t<li>Proin fermentum eratin eget porttitor<\/li>\n<\/ol>\n<\/div>\t\t\t\t\t\t\t\t<\/div>\n\t\t\t\t<\/div>\n\t\t\t\t\t<\/div>\n\t\t<\/div>\n\t\t\t\t<div class=\"elementor-column elementor-col-33 elementor-inner-column elementor-element elementor-element-10773253\" data-id=\"10773253\" data-element_type=\"column\" data-e-type=\"column\">\n\t\t\t<div class=\"elementor-widget-wrap elementor-element-populated\">\n\t\t\t\t\t\t<div class=\"elementor-element elementor-element-28f207de elementor-widget elementor-widget-text-editor\" data-id=\"28f207de\" data-element_type=\"widget\" data-e-type=\"widget\" data-widget_type=\"text-editor.default\">\n\t\t\t\t<div class=\"elementor-widget-container\">\n\t\t\t\t\t\t\t\t\t<div class=\"color numbered\">\n<ol>\n \t<li>Praesent in libero vel pellentesque<\/li>\n \t<li>Proin fermentum eratin eget porttitor<\/li>\n \t<li>Les mots sont les mots-cl\u00e9s de l'histoire de l'Europe<\/li>\n \t<li>Nunc orci augue consequat<\/li>\n \t<li>Praesent in libero vel pellentesque<\/li>\n \t<li>Proin fermentum eratin eget porttitor<\/li>\n<\/ol>\n<\/div>\t\t\t\t\t\t\t\t<\/div>\n\t\t\t\t<\/div>\n\t\t\t\t\t<\/div>\n\t\t<\/div>\n\t\t\t\t<div class=\"elementor-column elementor-col-33 elementor-inner-column elementor-element elementor-element-33545df8\" data-id=\"33545df8\" data-element_type=\"column\" data-e-type=\"column\">\n\t\t\t<div class=\"elementor-widget-wrap elementor-element-populated\">\n\t\t\t\t\t\t<div class=\"elementor-element elementor-element-3440e464 elementor-widget elementor-widget-text-editor\" data-id=\"3440e464\" data-element_type=\"widget\" data-e-type=\"widget\" data-widget_type=\"text-editor.default\">\n\t\t\t\t<div class=\"elementor-widget-container\">\n\t\t\t\t\t\t\t\t\t<div class=\"color numbered filled\">\n<ol>\n \t<li>Praesent in libero vel pellentesque<\/li>\n \t<li>Proin fermentum eratin eget porttitor<\/li>\n \t<li>Les mots sont les mots-cl\u00e9s de l'histoire de l'Europe<\/li>\n \t<li>Nunc orci augue consequat<\/li>\n \t<li>Praesent in libero vel pellentesque<\/li>\n \t<li>Proin fermentum eratin eget porttitor<\/li>\n<\/ol>\n<\/div>\t\t\t\t\t\t\t\t<\/div>\n\t\t\t\t<\/div>\n\t\t\t\t\t<\/div>\n\t\t<\/div>\n\t\t\t\t\t<\/div>\n\t\t<\/section>\n\t\t\t\t<div class=\"elementor-element elementor-element-6c8131cf elementor-widget elementor-widget-text-editor\" data-id=\"6c8131cf\" data-element_type=\"widget\" data-e-type=\"widget\" data-widget_type=\"text-editor.default\">\n\t\t\t\t<div class=\"elementor-widget-container\">\n\t\t\t\t\t\t\t\t\t<h1>Titre H1<\/h1>\n<h2>Titre H2<\/h2>\n<h3>Titre H3<\/h3>\n<h4>Titre H4<\/h4>\n<h5>Titre H5<\/h5>\n<h6>Titre H6<\/h6>\t\t\t\t\t\t\t\t<\/div>\n\t\t\t\t<\/div>\n\t\t\t\t\t<\/div>\n\t\t<\/div>\n\t\t\t\t\t<\/div>\n\t\t<\/section>\n\t\t\t\t<section class=\"elementor-section elementor-top-section elementor-element elementor-element-164ae634 elementor-section-boxed elementor-section-height-default elementor-section-height-default\" data-id=\"164ae634\" data-element_type=\"section\" data-e-type=\"section\">\n\t\t\t\t\t\t<div class=\"elementor-container elementor-column-gap-default\">\n\t\t\t\t\t<div class=\"elementor-column elementor-col-100 elementor-top-column elementor-element elementor-element-5c0d41ee\" data-id=\"5c0d41ee\" data-element_type=\"column\" data-e-type=\"column\">\n\t\t\t<div class=\"elementor-widget-wrap elementor-element-populated\">\n\t\t\t\t\t\t<div class=\"elementor-element elementor-element-75355b4f elementor-widget elementor-widget-listeo-headline\" data-id=\"75355b4f\" data-element_type=\"widget\" data-e-type=\"widget\" data-widget_type=\"listeo-headline.default\">\n\t\t\t\t<div class=\"elementor-widget-container\">\n\t\t\t\t\t\t\t<h3 \n\t\tstyle=\"text-align:left;\" class=\"headline  headline-aligned-to-left  headline-box\"> Sans sous-titre <\/h3>\n\t\t\t\t\t\t<\/div>\n\t\t\t\t<\/div>\n\t\t\t\t<div class=\"elementor-element elementor-element-170239a5 elementor-widget-divider--view-line elementor-widget elementor-widget-divider\" data-id=\"170239a5\" data-element_type=\"widget\" data-e-type=\"widget\" data-widget_type=\"divider.default\">\n\t\t\t\t<div class=\"elementor-widget-container\">\n\t\t\t\t\t\t\t<div class=\"elementor-divider\">\n\t\t\t<span class=\"elementor-divider-separator\">\n\t\t\t\t\t\t<\/span>\n\t\t<\/div>\n\t\t\t\t\t\t<\/div>\n\t\t\t\t<\/div>\n\t\t\t\t<div class=\"elementor-element elementor-element-36565850 elementor-widget elementor-widget-listeo-headline\" data-id=\"36565850\" data-element_type=\"widget\" data-e-type=\"widget\" data-widget_type=\"listeo-headline.default\">\n\t\t\t\t<div class=\"elementor-widget-container\">\n\t\t\t\t\t\t\t<h3 \n\t\tstyle=\"text-align:left;\" class=\"headline  headline-aligned-to-left  headline-box  headline-with-subtitle\"> Sans sous-titre  <span > Il s'agit d'un sous-titre sous le titre<\/span><\/h3>\n\t\t\t\t\t\t<\/div>\n\t\t\t\t<\/div>\n\t\t\t\t<div class=\"elementor-element elementor-element-7a88a34d elementor-widget-divider--view-line elementor-widget elementor-widget-divider\" data-id=\"7a88a34d\" data-element_type=\"widget\" data-e-type=\"widget\" data-widget_type=\"divider.default\">\n\t\t\t\t<div class=\"elementor-widget-container\">\n\t\t\t\t\t\t\t<div class=\"elementor-divider\">\n\t\t\t<span class=\"elementor-divider-separator\">\n\t\t\t\t\t\t<\/span>\n\t\t<\/div>\n\t\t\t\t\t\t<\/div>\n\t\t\t\t<\/div>\n\t\t\t\t<div class=\"elementor-element elementor-element-69d5ac65 elementor-widget elementor-widget-listeo-headline\" data-id=\"69d5ac65\" data-element_type=\"widget\" data-e-type=\"widget\" data-widget_type=\"listeo-headline.default\">\n\t\t\t\t<div class=\"elementor-widget-container\">\n\t\t\t\t\t\t\t<h3 \n\t\tstyle=\"text-align:right;\" class=\"headline  headline-aligned-to-right  headline-box\"> Droit Pas de sous-titre <\/h3>\n\t\t\t\t\t\t<\/div>\n\t\t\t\t<\/div>\n\t\t\t\t<div class=\"elementor-element elementor-element-790dbf5c elementor-widget-divider--view-line elementor-widget elementor-widget-divider\" data-id=\"790dbf5c\" data-element_type=\"widget\" data-e-type=\"widget\" data-widget_type=\"divider.default\">\n\t\t\t\t<div class=\"elementor-widget-container\">\n\t\t\t\t\t\t\t<div class=\"elementor-divider\">\n\t\t\t<span class=\"elementor-divider-separator\">\n\t\t\t\t\t\t<\/span>\n\t\t<\/div>\n\t\t\t\t\t\t<\/div>\n\t\t\t\t<\/div>\n\t\t\t\t<div class=\"elementor-element elementor-element-7058ad80 elementor-widget elementor-widget-listeo-headline\" data-id=\"7058ad80\" data-element_type=\"widget\" data-e-type=\"widget\" data-widget_type=\"listeo-headline.default\">\n\t\t\t\t<div class=\"elementor-widget-container\">\n\t\t\t\t\t\t\t<h3 \n\t\tstyle=\"text-align:right;\" class=\"headline  headline-aligned-to-right  headline-box  headline-with-subtitle\"> Droit Pas de sous-titre  <span > Il s'agit d'un sous-titre sous le titre<\/span><\/h3>\n\t\t\t\t\t\t<\/div>\n\t\t\t\t<\/div>\n\t\t\t\t<div class=\"elementor-element elementor-element-3cdbafbb elementor-widget-divider--view-line elementor-widget elementor-widget-divider\" data-id=\"3cdbafbb\" data-element_type=\"widget\" data-e-type=\"widget\" data-widget_type=\"divider.default\">\n\t\t\t\t<div class=\"elementor-widget-container\">\n\t\t\t\t\t\t\t<div class=\"elementor-divider\">\n\t\t\t<span class=\"elementor-divider-separator\">\n\t\t\t\t\t\t<\/span>\n\t\t<\/div>\n\t\t\t\t\t\t<\/div>\n\t\t\t\t<\/div>\n\t\t\t\t<div class=\"elementor-element elementor-element-54edde43 elementor-widget elementor-widget-listeo-headline\" data-id=\"54edde43\" data-element_type=\"widget\" data-e-type=\"widget\" data-widget_type=\"listeo-headline.default\">\n\t\t\t\t<div class=\"elementor-widget-container\">\n\t\t\t\t\t\t\t<h3 \n\t\tstyle=\"text-align:center;\" class=\"headline  headline-aligned-to-center headline-extra-spacing headline-box\"> Centre Pas de sous-titre <\/h3>\n\t\t\t\t\t\t<\/div>\n\t\t\t\t<\/div>\n\t\t\t\t<div class=\"elementor-element elementor-element-6ce40a62 elementor-widget-divider--view-line elementor-widget elementor-widget-divider\" data-id=\"6ce40a62\" data-element_type=\"widget\" data-e-type=\"widget\" data-widget_type=\"divider.default\">\n\t\t\t\t<div class=\"elementor-widget-container\">\n\t\t\t\t\t\t\t<div class=\"elementor-divider\">\n\t\t\t<span class=\"elementor-divider-separator\">\n\t\t\t\t\t\t<\/span>\n\t\t<\/div>\n\t\t\t\t\t\t<\/div>\n\t\t\t\t<\/div>\n\t\t\t\t<div class=\"elementor-element elementor-element-7a216682 elementor-widget elementor-widget-listeo-headline\" data-id=\"7a216682\" data-element_type=\"widget\" data-e-type=\"widget\" data-widget_type=\"listeo-headline.default\">\n\t\t\t\t<div class=\"elementor-widget-container\">\n\t\t\t\t\t\t\t<h3 \n\t\tstyle=\"text-align:center;\" class=\"headline  headline-aligned-to-center headline-extra-spacing headline-box  headline-with-subtitle\"> Centre Pas de sous-titre  <span > Il s'agit d'un sous-titre sous le titre<\/span><\/h3>\n\t\t\t\t\t\t<\/div>\n\t\t\t\t<\/div>\n\t\t\t\t<div class=\"elementor-element elementor-element-3e1d6664 elementor-widget-divider--view-line elementor-widget elementor-widget-divider\" data-id=\"3e1d6664\" data-element_type=\"widget\" data-e-type=\"widget\" data-widget_type=\"divider.default\">\n\t\t\t\t<div class=\"elementor-widget-container\">\n\t\t\t\t\t\t\t<div class=\"elementor-divider\">\n\t\t\t<span class=\"elementor-divider-separator\">\n\t\t\t\t\t\t<\/span>\n\t\t<\/div>\n\t\t\t\t\t\t<\/div>\n\t\t\t\t<\/div>\n\t\t\t\t<div class=\"elementor-element elementor-element-5e40776d elementor-widget elementor-widget-listeo-headline\" data-id=\"5e40776d\" data-element_type=\"widget\" data-e-type=\"widget\" data-widget_type=\"listeo-headline.default\">\n\t\t\t\t<div class=\"elementor-widget-container\">\n\t\t\t\t\t\t\t<h3 \n\t\tstyle=\"text-align:center;\" class=\"headline  headline-aligned-to-center headline-extra-spacing headline-box  headline-with-subtitle\"> Sous-titre long central  <span > Nous recueillons les avis de nos utilisateurs afin que vous puissiez avoir une opinion honn\u00eate de ce que repr\u00e9sente r\u00e9ellement une exp\u00e9rience sur notre site web !<\/span><\/h3>\n\t\t\t\t\t\t<\/div>\n\t\t\t\t<\/div>\n\t\t\t\t\t<\/div>\n\t\t<\/div>\n\t\t\t\t\t<\/div>\n\t\t<\/section>\n\t\t\t\t<\/div>","protected":false},"excerpt":{"rendered":"<p>Blockquote Mauris aliquet ultricies ante, non faucibus ante gravida sed. Sed ultrices pellentesque purus, vulputate volutpat ipsum hendrerit sed neque sed sapien rutrum laoreet justo ultrices. In pellentesque lorem condimentum dui morbi pulvinar dui non quam pretium ut lacinia tortor. Inline Elements Etiam elit est, tincidunt non tincidunt This is sup element\u00a0elit, sed do. Mauris [&hellip;]<\/p>\n","protected":false},"author":1,"featured_media":0,"parent":0,"menu_order":0,"comment_status":"closed","ping_status":"closed","template":"","meta":{"footnotes":""},"class_list":["post-131","page","type-page","status-publish","hentry"],"_hostinger_reach_plugin_has_subscription_block":false,"_hostinger_reach_plugin_is_elementor":false,"_links":{"self":[{"href":"https:\/\/bestofdominicana.com\/fr\/wp-json\/wp\/v2\/pages\/131","targetHints":{"allow":["GET"]}}],"collection":[{"href":"https:\/\/bestofdominicana.com\/fr\/wp-json\/wp\/v2\/pages"}],"about":[{"href":"https:\/\/bestofdominicana.com\/fr\/wp-json\/wp\/v2\/types\/page"}],"author":[{"embeddable":true,"href":"https:\/\/bestofdominicana.com\/fr\/wp-json\/wp\/v2\/users\/1"}],"replies":[{"embeddable":true,"href":"https:\/\/bestofdominicana.com\/fr\/wp-json\/wp\/v2\/comments?post=131"}],"version-history":[{"count":0,"href":"https:\/\/bestofdominicana.com\/fr\/wp-json\/wp\/v2\/pages\/131\/revisions"}],"wp:attachment":[{"href":"https:\/\/bestofdominicana.com\/fr\/wp-json\/wp\/v2\/media?parent=131"}],"curies":[{"name":"wp","href":"https:\/\/api.w.org\/{rel}","templated":true}]}}