{"id":148,"date":"2018-11-02T10:41:38","date_gmt":"2018-11-02T10:41:38","guid":{"rendered":"http:\/\/listeo.wpengine.com\/?page_id=32"},"modified":"2018-11-02T10:41:38","modified_gmt":"2018-11-02T10:41:38","slug":"grid-full-width-map","status":"publish","type":"page","link":"https:\/\/bestofdominicana.com\/fr\/grid-full-width-map\/","title":{"rendered":"Grid Full Width + Map"},"content":{"rendered":"<div class=\"row margin-bottom-25\">\r\n\r\n\t\t\t\t\n\t<div class=\"col-md-3 col-xs-6\">\n\t\t<!-- Layout Switcher -->\n\t\t<div class=\"layout-switcher\">\n\t\t\t\t\t\t\t<a href=\"#\" data-layout=\"grid\" class=\"grid\"><i class=\"fa fa-th\"><\/i><\/a>\n\t\t\t\t<a href=\"#\" data-layout=\"list\" class=\"list\"><i class=\"fa fa-align-justify\"><\/i><\/a>\n\t\t\t\t\t<\/div>\n\t<\/div>\n\n\n<!-- Sorting \/ Layout Switcher -->\n\t<div class=\"col-md-9\">\n\t\t\t<div class=\"fullwidth-filters  ajax-search\">\n\n\t\t\t\t\t\t\t<!-- Panel Dropdown -->\n\t\t\t\t<div class=\"panel-dropdown wide float-right\" id=\"tax-listing_feature-panel\">\n\t\t\t\t\t<a href=\"#\">Plus de filtres<\/a>\n\t\t\t\t\t<div class=\"panel-dropdown-content checkboxes\">\n\t\t\t\t\t\t\t\t\t\t\t\t<div class=\"row\">\n\n\t\t\t\t\t\t\t\t\t\t\t\t\t\t\t<div class=\"notification warning\">\n\t\t\t\t\t\t\t\t\t<p>Veuillez choisir une cat\u00e9gorie pour afficher les filtres<\/p>\n\t\t\t\t\t\t\t\t<\/div>\n\n\t\t\t\t\t\t\t\n\t\t\t\t\t\t<\/div>\n\n\t\t\t\t\t\t<!-- Buttons -->\n\t\t\t\t\t\t<div class=\"panel-buttons\">\n\t\t\t\t\t\t\t<span class=\"panel-cancel\">Annuler<\/span>\n\t\t\t\t\t\t\t<button class=\"panel-apply\">Appliquer<\/button>\n\t\t\t\t\t\t<\/div>\n\n\t\t\t\t\t<\/div>\n\t\t\t\t<\/div>\n\t\t\t\t<!-- Panel Dropdown \/ End -->\n\t\t\t\n\t\t\t\t\t\t\t\t\t<!-- Panel Dropdown-->\n\t\t\t\t<div class=\"panel-dropdown float-right\">\n\t\t\t\t\t<a href=\"#\">Rayon de distance<\/a>\n\t\t\t\t\t<div class=\"panel-dropdown-content radius-dropdown\">\n\t\t\t\t\t\t\t\t\t\t\t\t<input form=\"listeo_core-search-form\" name=\"search_radius\" class=\"distance-radius\" type=\"range\" min=\"1\" max=\"100\" step=\"1\" value=\"\" data-title=\"Rayon autour de la destination s\u00e9lectionn\u00e9e\">\n\t\t\t\t\t\t<div class=\"panel-buttons\">\n\t\t\t\t\t\t\t<span class=\"panel-disable\" data-disable=\"D\u00e9sactiver\" data-enable=\"Activer\">D\u00e9sactiver<\/span>\n\t\t\t\t\t\t\t<button class=\"panel-apply\">Appliquer<\/button>\n\t\t\t\t\t\t<\/div>\n\t\t\t\t\t<\/div>\n\t\t\t\t<\/div>\n\t\t\t\t<!-- Panel Dropdown \/ End -->\n\t\t\t\n\t\t\t\t\t\t\t<!-- Sort by -->\n\t\t\t\t<div class=\"sort-by\">\n\t\t\t\t\t<div class=\"sort-by-select\">\n\t\t\t\t\t\t\t\t\t\t\t\t\t\t\t\t\t\t<select form=\"listeo_core-search-form\" name=\"listeo_core_order\" data-placeholder=\"Ordre par d\u00e9faut\" class=\"select2-sortby orderby\">\n\t\t\t\t\t\t\t<option  value=\"default\">Ordre par d\u00e9faut<\/option>\n\t\t\t\t\t\t\t\t\t\t\t\t\t\t\t<option  selected='selected' value=\"best-match\">\n\t\t\t\t\t\t\t\t\tMeilleur r\u00e9sultat\t\t\t\t\t\t\t\t<\/option>\n\t\t\t\t\t\t\t\t\t\t\t\t\t\t\t\t\t\t\t\t\t\t<option  value=\"distance\" class=\"distance-sort\">\n\t\t\t\t\t\t\t\t\tProche en premier\t\t\t\t\t\t\t\t<\/option>\n\t\t\t\t\t\t\t\t\t\t\t\t\t\t\t\t\t\t\t\t\t\t\t\t\t\t\t\t <option  value=\"highest-rated\">Les mieux not\u00e9es<\/option>\t\t\t\t\t\t\t\t\t\t\t\t\t\t\t<option  value=\"reviewed\">Les plus examin\u00e9es<\/option>\t\t\t\t\t\t\t\t\t\t\t\t\t\t<option  value=\"date-desc\">Annonces les plus r\u00e9centes<\/option>\t\t\t\t\t\t\t<option  value=\"date-asc\">Annonces les plus anciennes<\/option>\t\t\t\t\t\t\t<option  value=\"title\">Alphabetiquement<\/option>\t\t\t\t\t\t\t<option  value=\"featured\">En vedette<\/option>\t\t\t\t\t\t\t<option  value=\"views\">Les plus vues<\/option>\t\t\t\t\t\t\t<option  value=\"verified\">V\u00e9rifi\u00e9<\/option>\t\t\t\t\t\t\t<option  value=\"upcoming-event\">\u00c9v\u00e9nement \u00e0 venir<\/option>\t\t\t\t\t\t\t<option  value=\"rand\">Al\u00e9atoirement<\/option>\t\t\t\t\t\t<\/select>\n\t\t\t\t\t<\/div>\n\t\t\t\t<\/div>\n\t\t\t\t<!-- Sort by \/ End -->\n\t\t\t\n\t\t\t\n\t\t<\/div>\n\t\t<\/div>\t\t\t<\/div>\r\n\t\t<!-- Listings -->\r\n\r\n<div id=\"listeo-listings-container\" \r\ndata-counter=\"12\" \r\ndata-style=\"compact\"  \r\ndata-custom_class=\"\" \r\ndata-per_page=\"6\" \r\ndata-grid_columns=\"3\" \r\n data-region=\"\"  data-category=\"\"  data-feature=\"\"  data-accommodation_category=\"\"  data-service_category=\"\"  data-rental_category=\"\"  data-event_category=\"\"  data-classifieds_category=\"\" class=\"compact-layout row row  ajax-search\">\r\n\t<div class=\"loader-ajax-container\" > <div class=\"loader-ajax\"><\/div> <\/div><!-- Listing Item -->\r\n        <div class=\"col-lg-4 col-md-6\">\r\n                <a href=\"https:\/\/bestofdominicana.com\/fr\/-\/iphone-12-pro-mint-condition\/\"  class=\"listing-item-container listing-geo-data compact\" \r\n\t\tdata-title=\"iPhone 12 Pro \u2013 Mint Condition\"\r\n\t\tdata-listing-type=\"classifieds\"\r\n\t\tdata-classifieds-price=\"RD&#36;899\"\r\n\t\tdata-friendly-address=\"\"\r\n\t\tdata-address=\"Ronkonkoma, New York\"\r\n\t\tdata-image=\"https:\/\/bestofdominicana.com\/wp-content\/uploads\/2019\/02\/single-listing-04-520x397.jpg\"\r\n\t\tdata-longitude=\"-73.112333\"\r\n\t\tdata-latitude=\"40.8153761\"\r\n\t\t\t\t\tdata-rating=\"0\"\r\n\t\t\tdata-reviews=\"0\"\r\n\t\t\t\tdata-icon=\"&lt;i class=&quot;sl sl-icon-location&quot;&gt;&lt;\/i&gt;\"\r\n\r\n\t>\r\n            <div class=\"listing-item\">\r\n                <div class=\"listing-small-badges-container\">\r\n                                                                                \r\n                                        \r\n                                                    <div class=\"listing-small-badge pricing-badge classifieds-pricing-badge\"><i class=\"fa fa-tag\"><\/i>RD$899.00<\/div>\r\n                                        \r\n                <\/div>\r\n                <img decoding=\"async\" src=\"https:\/\/bestofdominicana.com\/wp-content\/uploads\/2019\/02\/single-listing-04-520x397.jpg\" alt=\"iPhone 12 Pro \u2013 \u00c9tat neuf\" class=\"listing-thumbnail\">\r\n                \r\n\r\n                <div class=\"listing-item-content\">\r\n                    \r\n                    <h3> iPhone 12 Pro \u2013 \u00c9tat neuf <\/h3>\r\n                    <span>Ronkonkoma, New York<\/span>\r\n                <\/div>\r\n                                        <span class=\"save like-icon tooltip left\" title=\"Connexion pour marquer des \u00e9l\u00e9ments\"><\/span>\r\n                                                <\/div>\r\n        <\/a>\r\n                    <\/div>\r\n        \r\n\r\n        <!-- Listing Item \/ End --><!-- Listing Item -->\r\n        <div class=\"col-lg-4 col-md-6\">\r\n                <a href=\"https:\/\/bestofdominicana.com\/fr\/nightlife\/burger-house\/\"  class=\"listing-item-container listing-geo-data compact\" \r\n\t\tdata-title=\"Burger House\"\r\n\t\tdata-listing-type=\"service\"\r\n\t\tdata-classifieds-price=\"RD&#36;\"\r\n\t\tdata-friendly-address=\"Jay St, Brooklyn, New York\"\r\n\t\tdata-address=\"Jay St, Brooklyn, New York\"\r\n\t\tdata-image=\"https:\/\/bestofdominicana.com\/wp-content\/uploads\/2019\/02\/single-listing-01-520x397.jpg\"\r\n\t\tdata-longitude=\"-69.83837\"\r\n\t\tdata-latitude=\"18.493652\"\r\n\t\t\t\t\tdata-rating=\"0\"\r\n\t\t\tdata-reviews=\"0\"\r\n\t\t\t\tdata-icon=\"&lt;i class=&quot;fas fa-martini-glass-citrus&quot;&gt;&lt;\/i&gt;\"\r\n\r\n\t>\r\n            <div class=\"listing-item  featured-listing\">\r\n                <div class=\"listing-small-badges-container\">\r\n                                            <div class=\"listing-small-badge featured-badge\"><i class=\"fa fa-star\"><\/i> En vedette<\/div>\r\n                                                                <div class=\"listing-small-badge pricing-badge\"><i class=\"fa fa-tag\"><\/i>RD$5,00 - RD$25,00<\/div>\r\n                                                            \r\n                                        \r\n                                        \r\n                <\/div>\r\n                <img decoding=\"async\" src=\"https:\/\/bestofdominicana.com\/wp-content\/uploads\/2019\/02\/single-listing-03-520x397.jpg\" alt=\"Burger House\" class=\"listing-thumbnail\">\r\n                                        <div class=\"listing-badge now-open\">Ouvert maintenant<\/div>\r\n                        \r\n\r\n                <div class=\"listing-item-content\">\r\n                    \r\n                    <h3> Burger House <i class=\"verified-icon\"><\/i><\/h3>\r\n                    <span>Rue Jay, Brooklyn, New York<\/span>\r\n                <\/div>\r\n                                        <span class=\"save like-icon tooltip left\" title=\"Connexion pour marquer des \u00e9l\u00e9ments\"><\/span>\r\n                                                <\/div>\r\n        <\/a>\r\n                    <\/div>\r\n        \r\n\r\n        <!-- Listing Item \/ End --><!-- Listing Item -->\r\n        <div class=\"col-lg-4 col-md-6\">\r\n                <a href=\"https:\/\/bestofdominicana.com\/fr\/professional-services\/real-estate\/sunny-apartment\/\"  class=\"listing-item-container listing-geo-data compact\" \r\n\t\tdata-title=\"Sunny Apartment\"\r\n\t\tdata-listing-type=\"rental\"\r\n\t\tdata-classifieds-price=\"RD&#36;\"\r\n\t\tdata-friendly-address=\"Dorothea Lane, New York\"\r\n\t\tdata-address=\"Dorothea Lane, New York\"\r\n\t\tdata-image=\"https:\/\/bestofdominicana.com\/wp-content\/uploads\/2019\/02\/single-listing-02a-520x397.jpg\"\r\n\t\tdata-longitude=\"-73.69608779999999\"\r\n\t\tdata-latitude=\"40.6924327\"\r\n\t\t\t\t\tdata-rating=\"0\"\r\n\t\t\tdata-reviews=\"0\"\r\n\t\t\t\tdata-icon=\"&lt;i class=&quot;fas fa-house-chimney-user&quot;&gt;&lt;\/i&gt;\"\r\n\r\n\t>\r\n            <div class=\"listing-item  featured-listing\">\r\n                <div class=\"listing-small-badges-container\">\r\n                                            <div class=\"listing-small-badge featured-badge\"><i class=\"fa fa-star\"><\/i> En vedette<\/div>\r\n                                                                <div class=\"listing-small-badge pricing-badge\"><i class=\"fa fa-tag\"><\/i>RD$150,00 - RD$500,00<\/div>\r\n                                                            \r\n                                        \r\n                                        \r\n                <\/div>\r\n                <img decoding=\"async\" src=\"https:\/\/bestofdominicana.com\/wp-content\/uploads\/2019\/02\/single-listing-02-520x397.jpg\" alt=\"Appartement ensoleill\u00e9\" class=\"listing-thumbnail\">\r\n                \r\n\r\n                <div class=\"listing-item-content\">\r\n                    \r\n                    <h3> Appartement ensoleill\u00e9 <i class=\"verified-icon\"><\/i><\/h3>\r\n                    <span>Dorothea Lane, New York<\/span>\r\n                <\/div>\r\n                                        <span class=\"save like-icon tooltip left\" title=\"Connexion pour marquer des \u00e9l\u00e9ments\"><\/span>\r\n                                                <\/div>\r\n        <\/a>\r\n                    <\/div>\r\n        \r\n\r\n        <!-- Listing Item \/ End --><!-- Listing Item -->\r\n        <div class=\"col-lg-4 col-md-6\">\r\n                <a href=\"https:\/\/bestofdominicana.com\/fr\/services\/georges-barber-shop\/\"  class=\"listing-item-container listing-geo-data compact\" \r\n\t\tdata-title=\"George\u2019s Barber Shop\"\r\n\t\tdata-listing-type=\"service\"\r\n\t\tdata-classifieds-price=\"RD&#36;\"\r\n\t\tdata-friendly-address=\"Auburndale, Queens, NY\"\r\n\t\tdata-address=\"Auburndale, Queens, NY\"\r\n\t\tdata-image=\"https:\/\/bestofdominicana.com\/wp-content\/uploads\/2019\/02\/single-listing-02-520x397.jpg\"\r\n\t\tdata-longitude=\"-73.78602760000001\"\r\n\t\tdata-latitude=\"40.75411500000001\"\r\n\t\t\t\t\tdata-rating=\"0\"\r\n\t\t\tdata-reviews=\"0\"\r\n\t\t\t\tdata-icon=\"&lt;i class=&quot;far fa-handshake&quot;&gt;&lt;\/i&gt;\"\r\n\r\n\t>\r\n            <div class=\"listing-item\">\r\n                <div class=\"listing-small-badges-container\">\r\n                                                                <div class=\"listing-small-badge pricing-badge\"><i class=\"fa fa-tag\"><\/i>Commence \u00e0 partir de RD&#36;5,00<\/div>\r\n                                                            \r\n                                        \r\n                                        \r\n                <\/div>\r\n                <img decoding=\"async\" src=\"https:\/\/bestofdominicana.com\/wp-content\/uploads\/2019\/02\/single-listing-01-520x397.jpg\" alt=\"Le salon de coiffure de George\" class=\"listing-thumbnail\">\r\n                                        <div class=\"listing-badge now-open\">Ouvert maintenant<\/div>\r\n                        \r\n\r\n                <div class=\"listing-item-content\">\r\n                    \r\n                    <h3> Le salon de coiffure de George <i class=\"verified-icon\"><\/i><\/h3>\r\n                    <span>Auburndale, Queens, New York<\/span>\r\n                <\/div>\r\n                                        <span class=\"save like-icon tooltip left\" title=\"Connexion pour marquer des \u00e9l\u00e9ments\"><\/span>\r\n                                                <\/div>\r\n        <\/a>\r\n                    <\/div>\r\n        \r\n\r\n        <!-- Listing Item \/ End --><!-- Listing Item -->\r\n        <div class=\"col-lg-4 col-md-6\">\r\n                <a href=\"https:\/\/bestofdominicana.com\/fr\/events\/sticky-band\/\"  class=\"listing-item-container listing-geo-data compact\" \r\n\t\tdata-title=\"Sticky Band\"\r\n\t\tdata-listing-type=\"event\"\r\n\t\tdata-classifieds-price=\"RD&#36;\"\r\n\t\tdata-friendly-address=\"West Orange, New York\"\r\n\t\tdata-address=\"West Orange, New York\"\r\n\t\tdata-image=\"https:\/\/bestofdominicana.com\/wp-content\/uploads\/2019\/02\/single-listing-02-520x397.jpg\"\r\n\t\tdata-longitude=\"-74.25970469999999\"\r\n\t\tdata-latitude=\"40.7708499\"\r\n\t\t\t\t\tdata-rating=\"0\"\r\n\t\t\tdata-reviews=\"0\"\r\n\t\t\t\tdata-icon=\"&lt;i class=&quot;fas fa-icons&quot;&gt;&lt;\/i&gt;\"\r\n\r\n\t>\r\n            <div class=\"listing-item  featured-listing\">\r\n                <div class=\"listing-small-badges-container\">\r\n                                            <div class=\"listing-small-badge featured-badge\"><i class=\"fa fa-star\"><\/i> En vedette<\/div>\r\n                                                                <div class=\"listing-small-badge pricing-badge\"><i class=\"fa fa-tag\"><\/i>Commence \u00e0 partir de RD&#36;20,00<\/div>\r\n                                                            \r\n                                        \r\n                                        \r\n                <\/div>\r\n                <img decoding=\"async\" src=\"https:\/\/bestofdominicana.com\/wp-content\/uploads\/2019\/02\/single-listing-04-520x397.jpg\" alt=\"Bande adh\u00e9sive\" class=\"listing-thumbnail\">\r\n                \r\n\r\n                <div class=\"listing-item-content\">\r\n                    \r\n                    <h3> Bande adh\u00e9sive <\/h3>\r\n                    <span>West Orange, New York<\/span>\r\n                <\/div>\r\n                                        <span class=\"save like-icon tooltip left\" title=\"Connexion pour marquer des \u00e9l\u00e9ments\"><\/span>\r\n                                                <\/div>\r\n        <\/a>\r\n                    <\/div>\r\n        \r\n\r\n        <!-- Listing Item \/ End --><!-- Listing Item -->\r\n        <div class=\"col-lg-4 col-md-6\">\r\n                <a href=\"https:\/\/bestofdominicana.com\/fr\/services\/joes-photography\/\"  class=\"listing-item-container listing-geo-data compact\" \r\n\t\tdata-title=\"Joe&#8217;s Photography\"\r\n\t\tdata-listing-type=\"service\"\r\n\t\tdata-classifieds-price=\"RD&#36;\"\r\n\t\tdata-friendly-address=\"Sunrise Hwy, New York\"\r\n\t\tdata-address=\"Sunrise Hwy, New York\"\r\n\t\tdata-image=\"https:\/\/bestofdominicana.com\/wp-content\/uploads\/2019\/02\/slider-bg-01-520x397.jpg\"\r\n\t\tdata-longitude=\"-72.56813710664062\"\r\n\t\tdata-latitude=\"40.87392535781701\"\r\n\t\t\t\t\tdata-rating=\"0\"\r\n\t\t\tdata-reviews=\"0\"\r\n\t\t\t\tdata-icon=\"&lt;i class=&quot;far fa-handshake&quot;&gt;&lt;\/i&gt;\"\r\n\r\n\t>\r\n            <div class=\"listing-item\">\r\n                <div class=\"listing-small-badges-container\">\r\n                                                                <div class=\"listing-small-badge pricing-badge\"><i class=\"fa fa-tag\"><\/i>RD$35,00 - RD$200,00<\/div>\r\n                                                            \r\n                                        \r\n                                        \r\n                <\/div>\r\n                <img decoding=\"async\" src=\"https:\/\/bestofdominicana.com\/wp-content\/uploads\/2019\/02\/slider-bg-01-520x397.jpg\" alt=\"Joe&#8217;s Photography\" class=\"listing-thumbnail\">\r\n                \r\n\r\n                <div class=\"listing-item-content\">\r\n                    \r\n                    <h3> Photographie de Joe <\/h3>\r\n                    <span>Autoroute Sunrise, New York<\/span>\r\n                <\/div>\r\n                                        <span class=\"save like-icon tooltip left\" title=\"Connexion pour marquer des \u00e9l\u00e9ments\"><\/span>\r\n                                                <\/div>\r\n        <\/a>\r\n                    <\/div>\r\n        \r\n\r\n        <!-- Listing Item \/ End -->\t\t\t<\/div>\r\n\t\t\t\t\t\t\t<div class=\"pagination-container margin-top-20 margin-bottom-20 ajax-search\">\r\n\t\t\t\t\t<nav class=\"pagination margin-top-30\"><ul class=\"pagination\"><li class=\"current\" data-paged=\"1\"><a href=\"#\">1 <\/a><\/li><li data-paged=\"2\"><a href=\"#\">2<\/a><\/li><\/ul><\/nav>\t\t\t\t<\/div>","protected":false},"excerpt":{"rendered":"","protected":false},"author":1,"featured_media":0,"parent":0,"menu_order":0,"comment_status":"closed","ping_status":"closed","template":"template-listings-map.php","meta":{"footnotes":""},"class_list":["post-148","page","type-page","status-publish","hentry"],"_hostinger_reach_plugin_has_subscription_block":false,"_hostinger_reach_plugin_is_elementor":false,"_links":{"self":[{"href":"https:\/\/bestofdominicana.com\/fr\/wp-json\/wp\/v2\/pages\/148","targetHints":{"allow":["GET"]}}],"collection":[{"href":"https:\/\/bestofdominicana.com\/fr\/wp-json\/wp\/v2\/pages"}],"about":[{"href":"https:\/\/bestofdominicana.com\/fr\/wp-json\/wp\/v2\/types\/page"}],"author":[{"embeddable":true,"href":"https:\/\/bestofdominicana.com\/fr\/wp-json\/wp\/v2\/users\/1"}],"replies":[{"embeddable":true,"href":"https:\/\/bestofdominicana.com\/fr\/wp-json\/wp\/v2\/comments?post=148"}],"version-history":[{"count":0,"href":"https:\/\/bestofdominicana.com\/fr\/wp-json\/wp\/v2\/pages\/148\/revisions"}],"wp:attachment":[{"href":"https:\/\/bestofdominicana.com\/fr\/wp-json\/wp\/v2\/media?parent=148"}],"curies":[{"name":"wp","href":"https:\/\/api.w.org\/{rel}","templated":true}]}}